{"id":7457,"date":"2026-03-02T13:07:16","date_gmt":"2026-03-02T13:07:16","guid":{"rendered":"https:\/\/villaraggi.it\/?page_id=7457"},"modified":"2026-03-02T13:26:02","modified_gmt":"2026-03-02T13:26:02","slug":"evenements","status":"publish","type":"page","link":"https:\/\/villaraggi.it\/fr\/eventi\/","title":{"rendered":"Ev\u00e9nements"},"content":{"rendered":"\t\t<div data-elementor-type=\"wp-post\" data-elementor-id=\"7457\" class=\"elementor elementor-7457\">\n\t\t\t\t<div class=\"elementor-element elementor-element-c4698a4 e-flex e-con-boxed e-con e-parent\" data-id=\"c4698a4\" data-element_type=\"container\" data-e-type=\"container\">\n\t\t\t\t\t<div class=\"e-con-inner\">\n\t\t\t\t<div class=\"elementor-element elementor-element-e0bf082 thim-ekits-post__thumbnail-position-top elementor-widget elementor-widget-thim-ekits-list-blog\" data-id=\"e0bf082\" data-element_type=\"widget\" data-e-type=\"widget\" data-widget_type=\"thim-ekits-list-blog.default\">\n\t\t\t\t<div class=\"elementor-widget-container\">\n\t\t\t\t\t\t\t\t<div class=\"thim-ekits-post\">\n\t\t\t\t<div class=\"thim-ekits-post__inner\">\n\t\t\t\t\t\t\t<div class=\"thim-ekits-post__article post-7499 post type-post status-publish format-gallery has-post-thumbnail hentry category-event post_format-post-format-gallery\">\n\t\t\t\t\t\t\t\t\t<div class=\"thim-ekits-post__thumbnail\">\n\t\t\t<a class=\"post-thumbnail\"\n\t\t\t   href=\"https:\/\/villaraggi.it\/fr\/eventi-privati\/\" >\n\t\t\t\t<img fetchpriority=\"high\" decoding=\"async\" width=\"320\" height=\"320\" src=\"https:\/\/villaraggi.it\/wp-content\/uploads\/2026\/02\/IMG20250913181822-320x320.jpg\" class=\"attachment-thumbnail size-thumbnail wp-image-7465\" alt=\"\" \/>\t\t\t<\/a>\n\t\t\t\t\t<\/div>\n\t\t\n\t\t\t\t\t\t<div class=\"thim-ekits-post__content\">\n\t\t\t\t<h3 class=\"thim-ekits-post__title\">\n\t\t<a href=\"https:\/\/villaraggi.it\/fr\/eventi-privati\/\" >\n\t\t\tEventi Privati\t\t<\/a>\n\t\t<\/h3>\n\t\t\n\t\t<div class=\"thim-ekits-post__excerpt\">\n\t\t\tNel cuore delle colline del Monferrato, Villa Raggi \u00e8 la cornice ideale per organizzare eventi privati esclusivi in Piemonte, in un\u2019atmosfera elegante e riservata. Che...\t\t<\/div>\n\n\t\t\t\t<a class=\"thim-ekits-post__read-more\"\n\t\t   href=\"https:\/\/villaraggi.it\/fr\/eventi-privati\/\" >\n\t\t\tRead More \u00bb\t\t\t\t\t<\/a>\n\t\t\t\t<\/div>\n\t\t\t\t\t\t\t<\/div>\n\t\t\t\t<div class=\"thim-ekits-post__article post-7459 post type-post status-publish format-gallery has-post-thumbnail hentry category-event post_format-post-format-gallery\">\n\t\t\t\t\t\t\t\t\t<div class=\"thim-ekits-post__thumbnail\">\n\t\t\t<a class=\"post-thumbnail\"\n\t\t\t   href=\"https:\/\/villaraggi.it\/fr\/matrimonio\/\" >\n\t\t\t\t<img decoding=\"async\" width=\"320\" height=\"320\" src=\"https:\/\/villaraggi.it\/wp-content\/uploads\/2026\/02\/344-320x320.jpg\" class=\"attachment-thumbnail size-thumbnail wp-image-7461\" alt=\"\" \/>\t\t\t<\/a>\n\t\t\t\t\t<\/div>\n\t\t\n\t\t\t\t\t\t<div class=\"thim-ekits-post__content\">\n\t\t\t\t<h3 class=\"thim-ekits-post__title\">\n\t\t<a href=\"https:\/\/villaraggi.it\/fr\/matrimonio\/\" >\n\t\t\tMatrimonio\t\t<\/a>\n\t\t<\/h3>\n\t\t\n\t\t<div class=\"thim-ekits-post__excerpt\">\n\t\t\tSe stai cercando una location per matrimonio in Piemonte, immersa nella quiete delle colline del Monferrato, la nostra dimora storica del XVII secolo offre un...\t\t<\/div>\n\n\t\t\t\t<a class=\"thim-ekits-post__read-more\"\n\t\t   href=\"https:\/\/villaraggi.it\/fr\/matrimonio\/\" >\n\t\t\tRead More \u00bb\t\t\t\t\t<\/a>\n\t\t\t\t<\/div>\n\t\t\t\t\t\t\t<\/div>\n\t\t\t\t<div class=\"thim-ekits-post__article post-7488 post type-post status-publish format-gallery has-post-thumbnail hentry category-event post_format-post-format-gallery\">\n\t\t\t\t\t\t\t\t\t<div class=\"thim-ekits-post__thumbnail\">\n\t\t\t<a class=\"post-thumbnail\"\n\t\t\t   href=\"https:\/\/villaraggi.it\/fr\/eventi-corporate\/\" >\n\t\t\t\t<img decoding=\"async\" width=\"320\" height=\"320\" src=\"https:\/\/villaraggi.it\/wp-content\/uploads\/2026\/02\/IMG20250912083546-320x320.jpg\" class=\"attachment-thumbnail size-thumbnail wp-image-7489\" alt=\"\" \/>\t\t\t<\/a>\n\t\t\t\t\t<\/div>\n\t\t\n\t\t\t\t\t\t<div class=\"thim-ekits-post__content\">\n\t\t\t\t<h3 class=\"thim-ekits-post__title\">\n\t\t<a href=\"https:\/\/villaraggi.it\/fr\/eventi-corporate\/\" >\n\t\t\tEventi Corporate\t\t<\/a>\n\t\t<\/h3>\n\t\t\n\t\t<div class=\"thim-ekits-post__excerpt\">\n\t\t\tOrganizzare una evento aziendale di successo in Piemonte significa scegliere una location che unisca atmosfera raffinata e organizzazione impeccabile. Immersa nelle colline del Monferrato, Villa...\t\t<\/div>\n\n\t\t\t\t<a class=\"thim-ekits-post__read-more\"\n\t\t   href=\"https:\/\/villaraggi.it\/fr\/eventi-corporate\/\" >\n\t\t\tRead More \u00bb\t\t\t\t\t<\/a>\n\t\t\t\t<\/div>\n\t\t\t\t\t\t\t<\/div>\n\t\t\t\t\t\t<\/div>\n\t\t\t<\/div>\n\n\t\t\t\t\t\t\t<\/div>\n\t\t\t\t<\/div>\n\t\t\t\t<div class=\"elementor-element elementor-element-374e041 elementor-widget elementor-widget-thim-ekits-heading\" data-id=\"374e041\" data-element_type=\"widget\" data-e-type=\"widget\" data-widget_type=\"thim-ekits-heading.default\">\n\t\t\t\t<div class=\"elementor-widget-container\">\n\t\t\t\t\t<div class=\"thim-ekits-heading thim-ekit__heading\"><h5 class=\"title\">Villa Raggi \u00e8 il luogo perfetto per i tuoi eventi speciali<\/h5>\t\t\t<div class='desc'>\n\t\t\t\t<p>Se stai cercando il luogo ideale per celebrare momenti indimenticabili, sei nel posto giusto. Villa Raggi offre un'atmosfera unica e suggestiva che render\u00e0 ogni occasione davvero memorabile. La location offre:<\/p><ul data-start=\"529\" data-end=\"832\"><li data-start=\"529\" data-end=\"602\"><p data-start=\"531\" data-end=\"602\">Cappella sconsacrata (65 mq)\u00a0<\/p><\/li><li data-start=\"603\" data-end=\"670\"><p data-start=\"605\" data-end=\"670\">Salone interno (120 mq) per ricevimenti fino a 100 invitati<\/p><\/li><li data-start=\"671\" data-end=\"749\"><p data-start=\"673\" data-end=\"749\">Giardino e piscina Appartamenti per gli ospiti con servizio colazione e possibilit\u00e0 di brunch<\/p><\/li><li data-start=\"671\" data-end=\"749\">Cucina professionale completamente attrezzata, pensata per garantire un servizio catering di alto livello<\/li><li data-start=\"671\" data-end=\"749\"><p data-start=\"673\" data-end=\"749\">Ampio parcheggio privato<\/p><\/li><\/ul><p><strong>Matrimoni da sogno:<\/strong> Immagina di scambiare i tuoi voti d'amore circondato da un paesaggio mozzafiato e da giardini incantevoli. Con le nostre strutture e il nostro team esperto, possiamo trasformare il tuo matrimonio in un evento indimenticabile.\u00a0<\/p><p><strong>Cene aziendali di successo:<\/strong> Dai un tocco di eleganza alle tue cene aziendali presso Villa Raggi. Con spazi raffinati e un servizio impeccabile, siamo pronti ad accogliere il tuo team per una serata di networking e celebrazione.\u00a0<\/p><p><strong>Compleanni e feste private:<\/strong> Che si tratti di un compleanno, un anniversario o una festa privata, Villa Raggi \u00e8 il luogo perfetto per festeggiare con stile. Dai un'occhiata alle nostre opzioni personalizzate per creare un evento su misura per te e i tuoi ospiti.<\/p><p><strong>Eventi speciali su misura:<\/strong> Oltre a matrimoni, cene aziendali e compleanni, siamo in grado di ospitare una vasta gamma di eventi, tra cui battesimi, lauree, ritiri aziendali e molto altro ancora. Il nostro obiettivo \u00e8 superare le tue aspettative e rendere ogni evento un successo.<\/p><p>Contattaci oggi stesso per pianificare il tuo prossimo evento presso Villa Raggi.<\/p><p>Siamo qui per trasformare i tuoi sogni in realt\u00e0 e creare ricordi indelebili per te e i tuoi ospiti.<\/p>\t\t\t<\/div>\n\t\t<\/div>\t\t\t\t<\/div>\n\t\t\t\t<\/div>\n\t\t\t\t<div class=\"elementor-element elementor-element-98a8e2e elementor-widget elementor-widget-wpforms\" data-id=\"98a8e2e\" data-element_type=\"widget\" data-e-type=\"widget\" data-widget_type=\"wpforms.default\">\n\t\t\t\t<div class=\"elementor-widget-container\">\n\t\t\t\t\t<style id=\"wpforms-css-vars-elementor-widget-98a8e2e\">\n\t\t\t\t.elementor-widget-wpforms.elementor-element-98a8e2e {\n\t\t\t\t--wpforms-button-background-color: #C89766;\n--wpforms-label-size-font-size: 14px;\n--wpforms-label-size-line-height: 17px;\n--wpforms-label-size-sublabel-font-size: 13px;\n--wpforms-label-size-sublabel-line-height: 16px;\n--wpforms-button-size-font-size: 20px;\n--wpforms-button-size-height: 48px;\n--wpforms-button-size-padding-h: 20px;\n--wpforms-button-size-margin-top: 15px;\n\t\t\t}\n\t\t\t<\/style><div class=\"wpforms-container wpforms-container-full wpforms-render-modern\" id=\"wpforms-7188\"><form id=\"wpforms-form-7188\" class=\"wpforms-validate wpforms-form\" data-formid=\"7188\" method=\"post\" enctype=\"multipart\/form-data\" action=\"\/fr\/wp-json\/wp\/v2\/pages\/7457\" data-token=\"97c4755bd92b1e0ff4f942a6f5a5504c\" data-token-time=\"1775533969\"><noscript class=\"wpforms-error-noscript\">Veuillez activer JavaScript dans votre navigateur pour remplir ce formulaire.<\/noscript><div id=\"wpforms-error-noscript\" style=\"display: none;\">Veuillez activer JavaScript dans votre navigateur pour remplir ce formulaire.<\/div><div class=\"wpforms-field-container\"><div id=\"wpforms-7188-field_1-container\" class=\"wpforms-field wpforms-field-text\" data-field-id=\"1\"><label class=\"wpforms-field-label\" for=\"wpforms-7188-field_1\">Nome e cognome: <span class=\"wpforms-required-label\" aria-hidden=\"true\">*<\/span><\/label><input type=\"text\" id=\"wpforms-7188-field_1\" class=\"wpforms-field-large wpforms-field-required\" name=\"wpforms[fields][1]\" aria-errormessage=\"wpforms-7188-field_1-error\" required><\/div><div id=\"wpforms-7188-field_2-container\" class=\"wpforms-field wpforms-field-email\" data-field-id=\"2\"><label class=\"wpforms-field-label\" for=\"wpforms-7188-field_2\">Email: <span class=\"wpforms-required-label\" aria-hidden=\"true\">*<\/span><\/label><input type=\"email\" id=\"wpforms-7188-field_2\" class=\"wpforms-field-large wpforms-field-required\" name=\"wpforms[fields][2]\" spellcheck=\"false\" aria-errormessage=\"wpforms-7188-field_2-error\" required><\/div><div id=\"wpforms-7188-field_5-container\" class=\"wpforms-field wpforms-field-text\" data-field-id=\"5\"><label class=\"wpforms-field-label\" for=\"wpforms-7188-field_5\">Telefono:<\/label><input type=\"text\" id=\"wpforms-7188-field_5\" class=\"wpforms-field-large\" name=\"wpforms[fields][5]\" aria-errormessage=\"wpforms-7188-field_5-error\" ><\/div><div id=\"wpforms-7188-field_8-container\" class=\"wpforms-field wpforms-field-text\" data-field-id=\"8\"><label class=\"wpforms-field-label\" for=\"wpforms-7188-field_8\">Oggetto<\/label><input type=\"text\" id=\"wpforms-7188-field_8\" class=\"wpforms-field-large\" name=\"wpforms[fields][8]\" aria-errormessage=\"wpforms-7188-field_8-error\" ><\/div><div id=\"wpforms-7188-field_4-container\" class=\"wpforms-field wpforms-field-textarea\" data-field-id=\"4\"><label class=\"wpforms-field-label\" for=\"wpforms-7188-field_4\">Messaggio: <span class=\"wpforms-required-label\" aria-hidden=\"true\">*<\/span><\/label><textarea id=\"wpforms-7188-field_4\" class=\"wpforms-field-medium wpforms-field-required\" name=\"wpforms[fields][4]\" aria-errormessage=\"wpforms-7188-field_4-error\" required><\/textarea><\/div><div id=\"wpforms-7188-field_6-container\" class=\"wpforms-field wpforms-field-checkbox\" data-field-id=\"6\"><fieldset><legend class=\"wpforms-field-label\">GDPR <span class=\"wpforms-required-label\" aria-hidden=\"true\">*<\/span><\/legend><ul id=\"wpforms-7188-field_6\" class=\"wpforms-field-required\"><li class=\"choice-1 depth-1\"><input type=\"checkbox\" id=\"wpforms-7188-field_6_1\" name=\"wpforms[fields][6][]\" value=\"Accetto di aver letto e compreso l&#039;Informativa sulla Privacy e acconsento al trattamento dei miei dati personali secondo il Regolamento Generale sulla Protezione dei Dati (GDPR).\" aria-errormessage=\"wpforms-7188-field_6_1-error\" required ><label class=\"wpforms-field-label-inline\" for=\"wpforms-7188-field_6_1\">Accetto di aver letto e compreso l'Informativa sulla Privacy e acconsento al trattamento dei miei dati personali secondo il Regolamento Generale sulla Protezione dei Dati (GDPR).<\/label><\/li><\/ul><\/fieldset><\/div><\/div><!-- .wpforms-field-container --><div class=\"wpforms-submit-container\" ><input type=\"hidden\" name=\"wpforms[id]\" value=\"7188\"><input type=\"hidden\" name=\"page_title\" value=\"\"><input type=\"hidden\" name=\"page_url\" value=\"https:\/\/villaraggi.it\/fr\/wp-json\/wp\/v2\/pages\/7457\"><input type=\"hidden\" name=\"url_referer\" value=\"\"><button type=\"submit\" name=\"wpforms[submit]\" id=\"wpforms-submit-7188\" class=\"wpforms-submit\" data-alt-text=\"Sto inviando\" data-submit-text=\"Invia\" aria-live=\"assertive\" value=\"wpforms-submit\">Invia<\/button><\/div><\/form><\/div>  <!-- .wpforms-container -->\t\t\t\t<\/div>\n\t\t\t\t<\/div>\n\t\t\t\t\t<\/div>\n\t\t\t\t<\/div>\n\t\t\t\t<\/div>\n\t\t","protected":false},"excerpt":{"rendered":"<p>Organiser un \u00e9v\u00e9nement d'entreprise r\u00e9ussi dans le Pi\u00e9mont, c'est choisir un lieu qui allie atmosph\u00e8re raffin\u00e9e et organisation impeccable.<br \/>\nNich\u00e9e dans les collines du Monferrato, la Villa Raggi accueille les \u00e9quipes, les dirigeants et les collaborateurs dans une r\u00e9sidence historique exclusive, id\u00e9ale pour les \u00e9v\u00e9nements d'entreprise, le r\u00e9seautage et les c\u00e9l\u00e9brations.<\/p>\n<p>Des espaces polyvalents pour les \u00e9v\u00e9nements d'entreprise<\/p>\n<p>\nSalon int\u00e9rieur de 120 personnes <\/p>","protected":false},"author":1,"featured_media":0,"parent":0,"menu_order":5,"comment_status":"closed","ping_status":"closed","template":"","meta":{"footnotes":""},"class_list":["post-7457","page","type-page","status-publish","hentry"],"yoast_head":"<!-- This site is optimized with the Yoast SEO plugin v27.3 - https:\/\/yoast.com\/product\/yoast-seo-wordpress\/ -->\n<title>Eventi - Villa Raggi<\/title>\n<meta name=\"description\" content=\"Villa Raggi \u00e8 il luogo per eventi indimenticabili. Matrimoni, cene aziendali, feste private e altro ancora.\" \/>\n<meta name=\"robots\" content=\"index, follow, max-snippet:-1, max-image-preview:large, max-video-preview:-1\" \/>\n<link rel=\"canonical\" href=\"https:\/\/villaraggi.it\/fr\/evenements\/\" \/>\n<meta property=\"og:locale\" content=\"fr_FR\" \/>\n<meta property=\"og:type\" content=\"article\" \/>\n<meta property=\"og:title\" content=\"Eventi - Villa Raggi\" \/>\n<meta property=\"og:description\" content=\"Villa Raggi \u00e8 il luogo per eventi indimenticabili. Matrimoni, cene aziendali, feste private e altro ancora.\" \/>\n<meta property=\"og:url\" content=\"https:\/\/villaraggi.it\/fr\/evenements\/\" \/>\n<meta property=\"og:site_name\" content=\"Villa Raggi\" \/>\n<meta property=\"article:modified_time\" content=\"2026-03-02T13:26:02+00:00\" \/>\n<meta property=\"og:image\" content=\"https:\/\/villaraggi.it\/wp-content\/uploads\/2026\/02\/344-320x320.jpg\" \/>\n<meta name=\"twitter:card\" content=\"summary_large_image\" \/>\n<meta name=\"twitter:label1\" content=\"Dur\u00e9e de lecture estim\u00e9e\" \/>\n\t<meta name=\"twitter:data1\" content=\"3 minutes\" \/>\n<script type=\"application\/ld+json\" class=\"yoast-schema-graph\">{\"@context\":\"https:\\\/\\\/schema.org\",\"@graph\":[{\"@type\":\"WebPage\",\"@id\":\"https:\\\/\\\/villaraggi.it\\\/eventi\\\/\",\"url\":\"https:\\\/\\\/villaraggi.it\\\/eventi\\\/\",\"name\":\"Eventi - Villa Raggi\",\"isPartOf\":{\"@id\":\"https:\\\/\\\/villaraggi.it\\\/#website\"},\"primaryImageOfPage\":{\"@id\":\"https:\\\/\\\/villaraggi.it\\\/eventi\\\/#primaryimage\"},\"image\":{\"@id\":\"https:\\\/\\\/villaraggi.it\\\/eventi\\\/#primaryimage\"},\"thumbnailUrl\":\"https:\\\/\\\/villaraggi.it\\\/wp-content\\\/uploads\\\/2026\\\/02\\\/344-320x320.jpg\",\"datePublished\":\"2026-03-02T13:07:16+00:00\",\"dateModified\":\"2026-03-02T13:26:02+00:00\",\"description\":\"Villa Raggi \u00e8 il luogo per eventi indimenticabili. Matrimoni, cene aziendali, feste private e altro ancora.\",\"breadcrumb\":{\"@id\":\"https:\\\/\\\/villaraggi.it\\\/eventi\\\/#breadcrumb\"},\"inLanguage\":\"fr-FR\",\"potentialAction\":[{\"@type\":\"ReadAction\",\"target\":[\"https:\\\/\\\/villaraggi.it\\\/eventi\\\/\"]}]},{\"@type\":\"ImageObject\",\"inLanguage\":\"fr-FR\",\"@id\":\"https:\\\/\\\/villaraggi.it\\\/eventi\\\/#primaryimage\",\"url\":\"https:\\\/\\\/villaraggi.it\\\/wp-content\\\/uploads\\\/2026\\\/02\\\/344-320x320.jpg\",\"contentUrl\":\"https:\\\/\\\/villaraggi.it\\\/wp-content\\\/uploads\\\/2026\\\/02\\\/344-320x320.jpg\"},{\"@type\":\"BreadcrumbList\",\"@id\":\"https:\\\/\\\/villaraggi.it\\\/eventi\\\/#breadcrumb\",\"itemListElement\":[{\"@type\":\"ListItem\",\"position\":1,\"name\":\"Home\",\"item\":\"https:\\\/\\\/villaraggi.it\\\/\"},{\"@type\":\"ListItem\",\"position\":2,\"name\":\"Eventi\"}]},{\"@type\":\"WebSite\",\"@id\":\"https:\\\/\\\/villaraggi.it\\\/#website\",\"url\":\"https:\\\/\\\/villaraggi.it\\\/\",\"name\":\"Villa Raggi\",\"description\":\"Villa storica del 1700 nell\u2019alto Monferrato, Castelletto d\u2019Orba, Alessandria\",\"publisher\":{\"@id\":\"https:\\\/\\\/villaraggi.it\\\/#organization\"},\"potentialAction\":[{\"@type\":\"SearchAction\",\"target\":{\"@type\":\"EntryPoint\",\"urlTemplate\":\"https:\\\/\\\/villaraggi.it\\\/?s={search_term_string}\"},\"query-input\":{\"@type\":\"PropertyValueSpecification\",\"valueRequired\":true,\"valueName\":\"search_term_string\"}}],\"inLanguage\":\"fr-FR\"},{\"@type\":\"Organization\",\"@id\":\"https:\\\/\\\/villaraggi.it\\\/#organization\",\"name\":\"Villa Raggi\",\"url\":\"https:\\\/\\\/villaraggi.it\\\/\",\"logo\":{\"@type\":\"ImageObject\",\"inLanguage\":\"fr-FR\",\"@id\":\"https:\\\/\\\/villaraggi.it\\\/#\\\/schema\\\/logo\\\/image\\\/\",\"url\":\"https:\\\/\\\/villaraggi.it\\\/wp-content\\\/uploads\\\/2024\\\/02\\\/logo-villaraggi.png\",\"contentUrl\":\"https:\\\/\\\/villaraggi.it\\\/wp-content\\\/uploads\\\/2024\\\/02\\\/logo-villaraggi.png\",\"width\":640,\"height\":307,\"caption\":\"Villa Raggi\"},\"image\":{\"@id\":\"https:\\\/\\\/villaraggi.it\\\/#\\\/schema\\\/logo\\\/image\\\/\"}}]}<\/script>\n<!-- \/ Yoast SEO plugin. -->","yoast_head_json":{"title":"\u00c9v\u00e9nements - Villa Raggi","description":"La Villa Raggi est le lieu id\u00e9al pour organiser des \u00e9v\u00e9nements inoubliables. Mariages, d\u00eeners d'entreprise, f\u00eates priv\u00e9es et autres.","robots":{"index":"index","follow":"follow","max-snippet":"max-snippet:-1","max-image-preview":"max-image-preview:large","max-video-preview":"max-video-preview:-1"},"canonical":"https:\/\/villaraggi.it\/fr\/evenements\/","og_locale":"fr_FR","og_type":"article","og_title":"Eventi - Villa Raggi","og_description":"Villa Raggi \u00e8 il luogo per eventi indimenticabili. Matrimoni, cene aziendali, feste private e altro ancora.","og_url":"https:\/\/villaraggi.it\/fr\/evenements\/","og_site_name":"Villa Raggi","article_modified_time":"2026-03-02T13:26:02+00:00","og_image":[{"url":"https:\/\/villaraggi.it\/wp-content\/uploads\/2026\/02\/344-320x320.jpg","type":"","width":"","height":""}],"twitter_card":"summary_large_image","twitter_misc":{"Dur\u00e9e de lecture estim\u00e9e":"3 minutes"},"schema":{"@context":"https:\/\/schema.org","@graph":[{"@type":"WebPage","@id":"https:\/\/villaraggi.it\/eventi\/","url":"https:\/\/villaraggi.it\/eventi\/","name":"\u00c9v\u00e9nements - Villa Raggi","isPartOf":{"@id":"https:\/\/villaraggi.it\/#website"},"primaryImageOfPage":{"@id":"https:\/\/villaraggi.it\/eventi\/#primaryimage"},"image":{"@id":"https:\/\/villaraggi.it\/eventi\/#primaryimage"},"thumbnailUrl":"https:\/\/villaraggi.it\/wp-content\/uploads\/2026\/02\/344-320x320.jpg","datePublished":"2026-03-02T13:07:16+00:00","dateModified":"2026-03-02T13:26:02+00:00","description":"La Villa Raggi est le lieu id\u00e9al pour organiser des \u00e9v\u00e9nements inoubliables. Mariages, d\u00eeners d'entreprise, f\u00eates priv\u00e9es et autres.","breadcrumb":{"@id":"https:\/\/villaraggi.it\/eventi\/#breadcrumb"},"inLanguage":"fr-FR","potentialAction":[{"@type":"ReadAction","target":["https:\/\/villaraggi.it\/eventi\/"]}]},{"@type":"ImageObject","inLanguage":"fr-FR","@id":"https:\/\/villaraggi.it\/eventi\/#primaryimage","url":"https:\/\/villaraggi.it\/wp-content\/uploads\/2026\/02\/344-320x320.jpg","contentUrl":"https:\/\/villaraggi.it\/wp-content\/uploads\/2026\/02\/344-320x320.jpg"},{"@type":"BreadcrumbList","@id":"https:\/\/villaraggi.it\/eventi\/#breadcrumb","itemListElement":[{"@type":"ListItem","position":1,"name":"Home","item":"https:\/\/villaraggi.it\/"},{"@type":"ListItem","position":2,"name":"Eventi"}]},{"@type":"WebSite","@id":"https:\/\/villaraggi.it\/#website","url":"https:\/\/villaraggi.it\/","name":"Villa Raggi","description":"Villa historique des ann\u00e9es 1700 dans le haut Monferrato, Castelletto d'Orba, Alessandria","publisher":{"@id":"https:\/\/villaraggi.it\/#organization"},"potentialAction":[{"@type":"SearchAction","target":{"@type":"EntryPoint","urlTemplate":"https:\/\/villaraggi.it\/?s={search_term_string}"},"query-input":{"@type":"PropertyValueSpecification","valueRequired":true,"valueName":"search_term_string"}}],"inLanguage":"fr-FR"},{"@type":"Organization","@id":"https:\/\/villaraggi.it\/#organization","name":"Villa Raggi","url":"https:\/\/villaraggi.it\/","logo":{"@type":"ImageObject","inLanguage":"fr-FR","@id":"https:\/\/villaraggi.it\/#\/schema\/logo\/image\/","url":"https:\/\/villaraggi.it\/wp-content\/uploads\/2024\/02\/logo-villaraggi.png","contentUrl":"https:\/\/villaraggi.it\/wp-content\/uploads\/2024\/02\/logo-villaraggi.png","width":640,"height":307,"caption":"Villa Raggi"},"image":{"@id":"https:\/\/villaraggi.it\/#\/schema\/logo\/image\/"}}]}},"_links":{"self":[{"href":"https:\/\/villaraggi.it\/fr\/wp-json\/wp\/v2\/pages\/7457","targetHints":{"allow":["GET"]}}],"collection":[{"href":"https:\/\/villaraggi.it\/fr\/wp-json\/wp\/v2\/pages"}],"about":[{"href":"https:\/\/villaraggi.it\/fr\/wp-json\/wp\/v2\/types\/page"}],"author":[{"embeddable":true,"href":"https:\/\/villaraggi.it\/fr\/wp-json\/wp\/v2\/users\/1"}],"replies":[{"embeddable":true,"href":"https:\/\/villaraggi.it\/fr\/wp-json\/wp\/v2\/comments?post=7457"}],"version-history":[{"count":5,"href":"https:\/\/villaraggi.it\/fr\/wp-json\/wp\/v2\/pages\/7457\/revisions"}],"predecessor-version":[{"id":7530,"href":"https:\/\/villaraggi.it\/fr\/wp-json\/wp\/v2\/pages\/7457\/revisions\/7530"}],"wp:attachment":[{"href":"https:\/\/villaraggi.it\/fr\/wp-json\/wp\/v2\/media?parent=7457"}],"curies":[{"name":"wp","href":"https:\/\/api.w.org\/{rel}","templated":true}]}}