{"id":6815,"date":"2024-03-26T15:33:47","date_gmt":"2024-03-26T15:33:47","guid":{"rendered":"https:\/\/villaraggi.it\/?page_id=6815"},"modified":"2024-04-09T09:10:07","modified_gmt":"2024-04-09T09:10:07","slug":"nos-appartements","status":"publish","type":"page","link":"https:\/\/villaraggi.it\/fr\/i-nostri-appartamenti\/","title":{"rendered":"Nos appartements"},"content":{"rendered":"<div data-elementor-type=\"wp-page\" data-elementor-id=\"6815\" class=\"elementor elementor-6815\">\n\t\t\t\t<div class=\"elementor-element elementor-element-ae40712 e-flex e-con-boxed e-con e-parent\" data-id=\"ae40712\" data-element_type=\"container\" data-e-type=\"container\">\n\t\t\t\t\t<div class=\"e-con-inner\">\n\t\t\t\t<div class=\"elementor-element elementor-element-bbd1460 thim-ekits-post__thumbnail-position-top elementor-widget elementor-widget-thim-ekits-list-blog\" data-id=\"bbd1460\" data-element_type=\"widget\" data-e-type=\"widget\" data-widget_type=\"thim-ekits-list-blog.default\">\n\t\t\t\t<div class=\"elementor-widget-container\">\n\t\t\t\t\t\t\t\t<div class=\"thim-ekits-post\">\n\t\t\t\t<div class=\"thim-ekits-post__inner\">\n\t\t\t\t\t\t\t<div class=\"thim-ekits-post__article post-6353 post type-post status-publish format-gallery has-post-thumbnail hentry category-appartamenti post_format-post-format-gallery\">\n\t\t\t\t\t\t\t\t\t<div class=\"thim-ekits-post__thumbnail\">\n\t\t\t<a class=\"post-thumbnail\"\n\t\t\t   href=\"https:\/\/villaraggi.it\/fr\/suite-apartments\/\" >\n\t\t\t\t<img fetchpriority=\"high\" decoding=\"async\" width=\"640\" height=\"426\" src=\"https:\/\/villaraggi.it\/wp-content\/uploads\/2024\/03\/VillaRaggi_103_001_HR-640x426.jpg\" class=\"attachment-medium size-medium wp-image-6384\" alt=\"\" srcset=\"https:\/\/villaraggi.it\/wp-content\/uploads\/2024\/03\/VillaRaggi_103_001_HR-640x426.jpg 640w, https:\/\/villaraggi.it\/wp-content\/uploads\/2024\/03\/VillaRaggi_103_001_HR-1280x852.jpg 1280w, https:\/\/villaraggi.it\/wp-content\/uploads\/2024\/03\/VillaRaggi_103_001_HR-768x511.jpg 768w, https:\/\/villaraggi.it\/wp-content\/uploads\/2024\/03\/VillaRaggi_103_001_HR-1536x1022.jpg 1536w, https:\/\/villaraggi.it\/wp-content\/uploads\/2024\/03\/VillaRaggi_103_001_HR-18x12.jpg 18w, https:\/\/villaraggi.it\/wp-content\/uploads\/2024\/03\/VillaRaggi_103_001_HR-600x399.jpg 600w, https:\/\/villaraggi.it\/wp-content\/uploads\/2024\/03\/VillaRaggi_103_001_HR.jpg 1920w\" sizes=\"(max-width: 640px) 100vw, 640px\" \/>\t\t\t<\/a>\n\t\t\t\t\t<\/div>\n\t\t\n\t\t\t\t\t\t<div class=\"thim-ekits-post__content\">\n\t\t\t\t<h3 class=\"thim-ekits-post__title\">\n\t\t<a href=\"https:\/\/villaraggi.it\/fr\/suite-apartments\/\" >\n\t\t\tSuite d'appartements\t\t<\/a>\n\t\t<\/h3>\n\t\t\n\t\t<div class=\"thim-ekits-post__excerpt\">\n\t\t\tUne s\u00e9lection de 8 appartements lumineux avec un salon spacieux et une kitchenette...\t\t<\/div>\n\n\t\t\t\t<\/div>\n\t\t\t\t\t\t\t<\/div>\n\t\t\t\t<div class=\"thim-ekits-post__article post-6351 post type-post status-publish format-gallery has-post-thumbnail hentry category-appartamenti post_format-post-format-gallery\">\n\t\t\t\t\t\t\t\t\t<div class=\"thim-ekits-post__thumbnail\">\n\t\t\t<a class=\"post-thumbnail\"\n\t\t\t   href=\"https:\/\/villaraggi.it\/fr\/garden-suite-apartments\/\" >\n\t\t\t\t<img decoding=\"async\" width=\"640\" height=\"426\" src=\"https:\/\/villaraggi.it\/wp-content\/uploads\/2024\/03\/VillaRaggi_T3_001_HR-640x426.jpg\" class=\"attachment-medium size-medium wp-image-6524\" alt=\"\" srcset=\"https:\/\/villaraggi.it\/wp-content\/uploads\/2024\/03\/VillaRaggi_T3_001_HR-640x426.jpg 640w, https:\/\/villaraggi.it\/wp-content\/uploads\/2024\/03\/VillaRaggi_T3_001_HR-1280x851.jpg 1280w, https:\/\/villaraggi.it\/wp-content\/uploads\/2024\/03\/VillaRaggi_T3_001_HR-768x511.jpg 768w, https:\/\/villaraggi.it\/wp-content\/uploads\/2024\/03\/VillaRaggi_T3_001_HR-1536x1022.jpg 1536w, https:\/\/villaraggi.it\/wp-content\/uploads\/2024\/03\/VillaRaggi_T3_001_HR-18x12.jpg 18w, https:\/\/villaraggi.it\/wp-content\/uploads\/2024\/03\/VillaRaggi_T3_001_HR-600x399.jpg 600w, https:\/\/villaraggi.it\/wp-content\/uploads\/2024\/03\/VillaRaggi_T3_001_HR.jpg 1920w\" sizes=\"(max-width: 640px) 100vw, 640px\" \/>\t\t\t<\/a>\n\t\t\t\t\t<\/div>\n\t\t\n\t\t\t\t\t\t<div class=\"thim-ekits-post__content\">\n\t\t\t\t<h3 class=\"thim-ekits-post__title\">\n\t\t<a href=\"https:\/\/villaraggi.it\/fr\/garden-suite-apartments\/\" >\n\t\t\tAppartements Garden Suite\t\t<\/a>\n\t\t<\/h3>\n\t\t\n\t\t<div class=\"thim-ekits-post__excerpt\">\n\t\t\tUne s\u00e9lection de cinq appartements de deux \u00e9tages avec un grand salon et...\t\t<\/div>\n\n\t\t\t\t<\/div>\n\t\t\t\t\t\t\t<\/div>\n\t\t\t\t<div class=\"thim-ekits-post__article post-6350 post type-post status-publish format-gallery has-post-thumbnail hentry category-appartamenti post_format-post-format-gallery\">\n\t\t\t\t\t\t\t\t\t<div class=\"thim-ekits-post__thumbnail\">\n\t\t\t<a class=\"post-thumbnail\"\n\t\t\t   href=\"https:\/\/villaraggi.it\/fr\/royal-suite-apartments\/\" >\n\t\t\t\t<img decoding=\"async\" width=\"640\" height=\"426\" src=\"https:\/\/villaraggi.it\/wp-content\/uploads\/2024\/03\/VillaRaggi_105_001_HR-640x426.jpg\" class=\"attachment-medium size-medium wp-image-6356\" alt=\"\" srcset=\"https:\/\/villaraggi.it\/wp-content\/uploads\/2024\/03\/VillaRaggi_105_001_HR-640x426.jpg 640w, https:\/\/villaraggi.it\/wp-content\/uploads\/2024\/03\/VillaRaggi_105_001_HR-1280x852.jpg 1280w, https:\/\/villaraggi.it\/wp-content\/uploads\/2024\/03\/VillaRaggi_105_001_HR-768x511.jpg 768w, https:\/\/villaraggi.it\/wp-content\/uploads\/2024\/03\/VillaRaggi_105_001_HR-1536x1022.jpg 1536w, https:\/\/villaraggi.it\/wp-content\/uploads\/2024\/03\/VillaRaggi_105_001_HR-18x12.jpg 18w, https:\/\/villaraggi.it\/wp-content\/uploads\/2024\/03\/VillaRaggi_105_001_HR-600x399.jpg 600w, https:\/\/villaraggi.it\/wp-content\/uploads\/2024\/03\/VillaRaggi_105_001_HR.jpg 1920w\" sizes=\"(max-width: 640px) 100vw, 640px\" \/>\t\t\t<\/a>\n\t\t\t\t\t<\/div>\n\t\t\n\t\t\t\t\t\t<div class=\"thim-ekits-post__content\">\n\t\t\t\t<h3 class=\"thim-ekits-post__title\">\n\t\t<a href=\"https:\/\/villaraggi.it\/fr\/royal-suite-apartments\/\" >\n\t\t\tAppartements de la suite royale\t\t<\/a>\n\t\t<\/h3>\n\t\t\n\t\t<div class=\"thim-ekits-post__excerpt\">\n\t\t\tUne s\u00e9lection de 3 appartements avec un grand salon et une kitchenette parfaitement...\t\t<\/div>\n\n\t\t\t\t<\/div>\n\t\t\t\t\t\t\t<\/div>\n\t\t\t\t<div class=\"thim-ekits-post__article post-6352 post type-post status-publish format-gallery has-post-thumbnail hentry category-appartamenti post_format-post-format-gallery\">\n\t\t\t\t\t\t\t\t\t<div class=\"thim-ekits-post__thumbnail\">\n\t\t\t<a class=\"post-thumbnail\"\n\t\t\t   href=\"https:\/\/villaraggi.it\/fr\/royal-garden-suite-apartments\/\" >\n\t\t\t\t<img loading=\"lazy\" decoding=\"async\" width=\"640\" height=\"426\" src=\"https:\/\/villaraggi.it\/wp-content\/uploads\/2024\/03\/VillaRaggi_T7_020_HR-640x426.jpg\" class=\"attachment-medium size-medium wp-image-6304\" alt=\"\" srcset=\"https:\/\/villaraggi.it\/wp-content\/uploads\/2024\/03\/VillaRaggi_T7_020_HR-640x426.jpg 640w, https:\/\/villaraggi.it\/wp-content\/uploads\/2024\/03\/VillaRaggi_T7_020_HR-1280x851.jpg 1280w, https:\/\/villaraggi.it\/wp-content\/uploads\/2024\/03\/VillaRaggi_T7_020_HR-768x511.jpg 768w, https:\/\/villaraggi.it\/wp-content\/uploads\/2024\/03\/VillaRaggi_T7_020_HR-1536x1022.jpg 1536w, https:\/\/villaraggi.it\/wp-content\/uploads\/2024\/03\/VillaRaggi_T7_020_HR-18x12.jpg 18w, https:\/\/villaraggi.it\/wp-content\/uploads\/2024\/03\/VillaRaggi_T7_020_HR-600x399.jpg 600w, https:\/\/villaraggi.it\/wp-content\/uploads\/2024\/03\/VillaRaggi_T7_020_HR.jpg 1920w\" sizes=\"(max-width: 640px) 100vw, 640px\" \/>\t\t\t<\/a>\n\t\t\t\t\t<\/div>\n\t\t\n\t\t\t\t\t\t<div class=\"thim-ekits-post__content\">\n\t\t\t\t<h3 class=\"thim-ekits-post__title\">\n\t\t<a href=\"https:\/\/villaraggi.it\/fr\/royal-garden-suite-apartments\/\" >\n\t\t\tAppartements Royal Garden Suite\t\t<\/a>\n\t\t<\/h3>\n\t\t\n\t\t<div class=\"thim-ekits-post__excerpt\">\n\t\t\tUne s\u00e9lection de 2 appartements avec un grand salon et une kitchenette parfaitement...\t\t<\/div>\n\n\t\t\t\t<\/div>\n\t\t\t\t\t\t\t<\/div>\n\t\t\t\t\t\t<\/div>\n\t\t\t<\/div>\n\n\t\t\t\t\t\t\t<\/div>\n\t\t\t\t<\/div>\n\t\t\t\t\t<\/div>\n\t\t\t\t<\/div>\n\t\t\t\t<\/div>","protected":false},"excerpt":{"rendered":"<p>Une s\u00e9lection de 2 appartements avec un grand salon et une kitchenette enti\u00e8rement \u00e9quip\u00e9e, deux salles de bains, une chambre principale et une chambre secondaire. Ils disposent d'un grand jardin priv\u00e9.<br \/>\nServices inclus :<\/p>\n<p>Appartement entier<br \/>\nPetit-d\u00e9jeuner buffet<br \/>\nGrand jardin priv\u00e9 cl\u00f4tur\u00e9 avec acc\u00e8s direct<br \/>\nVue sur le parc et grand parc cl\u00f4tur\u00e9<br \/>\nCuisine priv\u00e9e <\/p>","protected":false},"author":1,"featured_media":0,"parent":0,"menu_order":0,"comment_status":"closed","ping_status":"closed","template":"","meta":{"footnotes":""},"class_list":["post-6815","page","type-page","status-publish","hentry"],"yoast_head":"<!-- This site is optimized with the Yoast SEO plugin v27.3 - https:\/\/yoast.com\/product\/yoast-seo-wordpress\/ -->\n<title>I nostri appartamenti - Villa Raggi<\/title>\n<meta name=\"description\" content=\"Scopri gli appartamenti di Villa Raggi, per un soggiorno raffinato nell\u2019alto Monferrato.\" \/>\n<meta name=\"robots\" content=\"index, follow, max-snippet:-1, max-image-preview:large, max-video-preview:-1\" \/>\n<link rel=\"canonical\" href=\"https:\/\/villaraggi.it\/fr\/nos-appartements\/\" \/>\n<meta property=\"og:locale\" content=\"fr_FR\" \/>\n<meta property=\"og:type\" content=\"article\" \/>\n<meta property=\"og:title\" content=\"I nostri appartamenti - Villa Raggi\" \/>\n<meta property=\"og:description\" content=\"Scopri gli appartamenti di Villa Raggi, per un soggiorno raffinato nell\u2019alto Monferrato.\" \/>\n<meta property=\"og:url\" content=\"https:\/\/villaraggi.it\/fr\/nos-appartements\/\" \/>\n<meta property=\"og:site_name\" content=\"Villa Raggi\" \/>\n<meta property=\"article:modified_time\" content=\"2024-04-09T09:10:07+00:00\" \/>\n<meta property=\"og:image\" content=\"https:\/\/villaraggi.it\/wp-content\/uploads\/2024\/03\/VillaRaggi_103_001_HR-640x426.jpg\" \/>\n<meta name=\"twitter:card\" content=\"summary_large_image\" \/>\n<meta name=\"twitter:label1\" content=\"Dur\u00e9e de lecture estim\u00e9e\" \/>\n\t<meta name=\"twitter:data1\" content=\"2 minutes\" \/>\n<script type=\"application\/ld+json\" class=\"yoast-schema-graph\">{\"@context\":\"https:\\\/\\\/schema.org\",\"@graph\":[{\"@type\":\"WebPage\",\"@id\":\"https:\\\/\\\/villaraggi.it\\\/i-nostri-appartamenti\\\/\",\"url\":\"https:\\\/\\\/villaraggi.it\\\/i-nostri-appartamenti\\\/\",\"name\":\"I nostri appartamenti - Villa Raggi\",\"isPartOf\":{\"@id\":\"https:\\\/\\\/villaraggi.it\\\/#website\"},\"primaryImageOfPage\":{\"@id\":\"https:\\\/\\\/villaraggi.it\\\/i-nostri-appartamenti\\\/#primaryimage\"},\"image\":{\"@id\":\"https:\\\/\\\/villaraggi.it\\\/i-nostri-appartamenti\\\/#primaryimage\"},\"thumbnailUrl\":\"https:\\\/\\\/villaraggi.it\\\/wp-content\\\/uploads\\\/2024\\\/03\\\/VillaRaggi_103_001_HR-640x426.jpg\",\"datePublished\":\"2024-03-26T15:33:47+00:00\",\"dateModified\":\"2024-04-09T09:10:07+00:00\",\"description\":\"Scopri gli appartamenti di Villa Raggi, per un soggiorno raffinato nell\u2019alto Monferrato.\",\"breadcrumb\":{\"@id\":\"https:\\\/\\\/villaraggi.it\\\/i-nostri-appartamenti\\\/#breadcrumb\"},\"inLanguage\":\"fr-FR\",\"potentialAction\":[{\"@type\":\"ReadAction\",\"target\":[\"https:\\\/\\\/villaraggi.it\\\/i-nostri-appartamenti\\\/\"]}]},{\"@type\":\"ImageObject\",\"inLanguage\":\"fr-FR\",\"@id\":\"https:\\\/\\\/villaraggi.it\\\/i-nostri-appartamenti\\\/#primaryimage\",\"url\":\"https:\\\/\\\/villaraggi.it\\\/wp-content\\\/uploads\\\/2024\\\/03\\\/VillaRaggi_103_001_HR-640x426.jpg\",\"contentUrl\":\"https:\\\/\\\/villaraggi.it\\\/wp-content\\\/uploads\\\/2024\\\/03\\\/VillaRaggi_103_001_HR-640x426.jpg\"},{\"@type\":\"BreadcrumbList\",\"@id\":\"https:\\\/\\\/villaraggi.it\\\/i-nostri-appartamenti\\\/#breadcrumb\",\"itemListElement\":[{\"@type\":\"ListItem\",\"position\":1,\"name\":\"Home\",\"item\":\"https:\\\/\\\/villaraggi.it\\\/\"},{\"@type\":\"ListItem\",\"position\":2,\"name\":\"I nostri appartamenti\"}]},{\"@type\":\"WebSite\",\"@id\":\"https:\\\/\\\/villaraggi.it\\\/#website\",\"url\":\"https:\\\/\\\/villaraggi.it\\\/\",\"name\":\"Villa Raggi\",\"description\":\"Villa storica del 1700 nell\u2019alto Monferrato, Castelletto d\u2019Orba, Alessandria\",\"publisher\":{\"@id\":\"https:\\\/\\\/villaraggi.it\\\/#organization\"},\"potentialAction\":[{\"@type\":\"SearchAction\",\"target\":{\"@type\":\"EntryPoint\",\"urlTemplate\":\"https:\\\/\\\/villaraggi.it\\\/?s={search_term_string}\"},\"query-input\":{\"@type\":\"PropertyValueSpecification\",\"valueRequired\":true,\"valueName\":\"search_term_string\"}}],\"inLanguage\":\"fr-FR\"},{\"@type\":\"Organization\",\"@id\":\"https:\\\/\\\/villaraggi.it\\\/#organization\",\"name\":\"Villa Raggi\",\"url\":\"https:\\\/\\\/villaraggi.it\\\/\",\"logo\":{\"@type\":\"ImageObject\",\"inLanguage\":\"fr-FR\",\"@id\":\"https:\\\/\\\/villaraggi.it\\\/#\\\/schema\\\/logo\\\/image\\\/\",\"url\":\"https:\\\/\\\/villaraggi.it\\\/wp-content\\\/uploads\\\/2024\\\/02\\\/logo-villaraggi.png\",\"contentUrl\":\"https:\\\/\\\/villaraggi.it\\\/wp-content\\\/uploads\\\/2024\\\/02\\\/logo-villaraggi.png\",\"width\":640,\"height\":307,\"caption\":\"Villa Raggi\"},\"image\":{\"@id\":\"https:\\\/\\\/villaraggi.it\\\/#\\\/schema\\\/logo\\\/image\\\/\"}}]}<\/script>\n<!-- \/ Yoast SEO plugin. -->","yoast_head_json":{"title":"Nos appartements - Villa Raggi","description":"D\u00e9couvrez les appartements de la Villa Raggi, pour un s\u00e9jour raffin\u00e9 dans le haut Monferrato.","robots":{"index":"index","follow":"follow","max-snippet":"max-snippet:-1","max-image-preview":"max-image-preview:large","max-video-preview":"max-video-preview:-1"},"canonical":"https:\/\/villaraggi.it\/fr\/nos-appartements\/","og_locale":"fr_FR","og_type":"article","og_title":"I nostri appartamenti - Villa Raggi","og_description":"Scopri gli appartamenti di Villa Raggi, per un soggiorno raffinato nell\u2019alto Monferrato.","og_url":"https:\/\/villaraggi.it\/fr\/nos-appartements\/","og_site_name":"Villa Raggi","article_modified_time":"2024-04-09T09:10:07+00:00","og_image":[{"url":"https:\/\/villaraggi.it\/wp-content\/uploads\/2024\/03\/VillaRaggi_103_001_HR-640x426.jpg","type":"","width":"","height":""}],"twitter_card":"summary_large_image","twitter_misc":{"Dur\u00e9e de lecture estim\u00e9e":"2 minutes"},"schema":{"@context":"https:\/\/schema.org","@graph":[{"@type":"WebPage","@id":"https:\/\/villaraggi.it\/i-nostri-appartamenti\/","url":"https:\/\/villaraggi.it\/i-nostri-appartamenti\/","name":"Nos appartements - Villa Raggi","isPartOf":{"@id":"https:\/\/villaraggi.it\/#website"},"primaryImageOfPage":{"@id":"https:\/\/villaraggi.it\/i-nostri-appartamenti\/#primaryimage"},"image":{"@id":"https:\/\/villaraggi.it\/i-nostri-appartamenti\/#primaryimage"},"thumbnailUrl":"https:\/\/villaraggi.it\/wp-content\/uploads\/2024\/03\/VillaRaggi_103_001_HR-640x426.jpg","datePublished":"2024-03-26T15:33:47+00:00","dateModified":"2024-04-09T09:10:07+00:00","description":"D\u00e9couvrez les appartements de la Villa Raggi, pour un s\u00e9jour raffin\u00e9 dans le haut Monferrato.","breadcrumb":{"@id":"https:\/\/villaraggi.it\/i-nostri-appartamenti\/#breadcrumb"},"inLanguage":"fr-FR","potentialAction":[{"@type":"ReadAction","target":["https:\/\/villaraggi.it\/i-nostri-appartamenti\/"]}]},{"@type":"ImageObject","inLanguage":"fr-FR","@id":"https:\/\/villaraggi.it\/i-nostri-appartamenti\/#primaryimage","url":"https:\/\/villaraggi.it\/wp-content\/uploads\/2024\/03\/VillaRaggi_103_001_HR-640x426.jpg","contentUrl":"https:\/\/villaraggi.it\/wp-content\/uploads\/2024\/03\/VillaRaggi_103_001_HR-640x426.jpg"},{"@type":"BreadcrumbList","@id":"https:\/\/villaraggi.it\/i-nostri-appartamenti\/#breadcrumb","itemListElement":[{"@type":"ListItem","position":1,"name":"Home","item":"https:\/\/villaraggi.it\/"},{"@type":"ListItem","position":2,"name":"I nostri appartamenti"}]},{"@type":"WebSite","@id":"https:\/\/villaraggi.it\/#website","url":"https:\/\/villaraggi.it\/","name":"Villa Raggi","description":"Villa historique des ann\u00e9es 1700 dans le haut Monferrato, Castelletto d'Orba, Alessandria","publisher":{"@id":"https:\/\/villaraggi.it\/#organization"},"potentialAction":[{"@type":"SearchAction","target":{"@type":"EntryPoint","urlTemplate":"https:\/\/villaraggi.it\/?s={search_term_string}"},"query-input":{"@type":"PropertyValueSpecification","valueRequired":true,"valueName":"search_term_string"}}],"inLanguage":"fr-FR"},{"@type":"Organization","@id":"https:\/\/villaraggi.it\/#organization","name":"Villa Raggi","url":"https:\/\/villaraggi.it\/","logo":{"@type":"ImageObject","inLanguage":"fr-FR","@id":"https:\/\/villaraggi.it\/#\/schema\/logo\/image\/","url":"https:\/\/villaraggi.it\/wp-content\/uploads\/2024\/02\/logo-villaraggi.png","contentUrl":"https:\/\/villaraggi.it\/wp-content\/uploads\/2024\/02\/logo-villaraggi.png","width":640,"height":307,"caption":"Villa Raggi"},"image":{"@id":"https:\/\/villaraggi.it\/#\/schema\/logo\/image\/"}}]}},"_links":{"self":[{"href":"https:\/\/villaraggi.it\/fr\/wp-json\/wp\/v2\/pages\/6815","targetHints":{"allow":["GET"]}}],"collection":[{"href":"https:\/\/villaraggi.it\/fr\/wp-json\/wp\/v2\/pages"}],"about":[{"href":"https:\/\/villaraggi.it\/fr\/wp-json\/wp\/v2\/types\/page"}],"author":[{"embeddable":true,"href":"https:\/\/villaraggi.it\/fr\/wp-json\/wp\/v2\/users\/1"}],"replies":[{"embeddable":true,"href":"https:\/\/villaraggi.it\/fr\/wp-json\/wp\/v2\/comments?post=6815"}],"version-history":[{"count":6,"href":"https:\/\/villaraggi.it\/fr\/wp-json\/wp\/v2\/pages\/6815\/revisions"}],"predecessor-version":[{"id":7404,"href":"https:\/\/villaraggi.it\/fr\/wp-json\/wp\/v2\/pages\/6815\/revisions\/7404"}],"wp:attachment":[{"href":"https:\/\/villaraggi.it\/fr\/wp-json\/wp\/v2\/media?parent=6815"}],"curies":[{"name":"wp","href":"https:\/\/api.w.org\/{rel}","templated":true}]}}