{"id":4631,"date":"2024-01-30T20:40:18","date_gmt":"2024-01-30T20:40:18","guid":{"rendered":"https:\/\/villaraggi.it\/?page_id=4631"},"modified":"2024-04-09T09:11:51","modified_gmt":"2024-04-09T09:11:51","slug":"experiences","status":"publish","type":"page","link":"https:\/\/villaraggi.it\/fr\/esperienze\/","title":{"rendered":"Exp\u00e9riences"},"content":{"rendered":"<div data-elementor-type=\"wp-post\" data-elementor-id=\"4631\" class=\"elementor elementor-4631\">\n\t\t\t\t<div class=\"elementor-element elementor-element-c4698a4 e-flex e-con-boxed e-con e-parent\" data-id=\"c4698a4\" data-element_type=\"container\" data-e-type=\"container\">\n\t\t\t\t\t<div class=\"e-con-inner\">\n\t\t\t\t<div class=\"elementor-element elementor-element-eeb734a thim-ekits-post__thumbnail-position-top elementor-widget elementor-widget-thim-ekits-list-blog\" data-id=\"eeb734a\" data-element_type=\"widget\" data-e-type=\"widget\" data-widget_type=\"thim-ekits-list-blog.default\">\n\t\t\t\t<div class=\"elementor-widget-container\">\n\t\t\t\t\t\t\t\t<div class=\"thim-ekits-post\">\n\t\t\t\t<div class=\"thim-ekits-post__inner\">\n\t\t\t\t\t\t\t<div class=\"thim-ekits-post__article post-5655 post type-post status-publish format-standard has-post-thumbnail hentry category-esperienze\">\n\t\t\t\t\t\t\t\t\t<div class=\"thim-ekits-post__thumbnail\">\n\t\t\t<a class=\"post-thumbnail\"\n\t\t\t   href=\"https:\/\/villaraggi.it\/fr\/giornata-di-golf-al-golf-club-villa-carolina\/\" >\n\t\t\t\t<img fetchpriority=\"high\" decoding=\"async\" width=\"320\" height=\"320\" src=\"https:\/\/villaraggi.it\/wp-content\/uploads\/2024\/02\/vista-posteriore-di-un-club-di-golf-d-oscillazione-del-giocatore-di-golf-maschio-320x320.jpg\" class=\"attachment-thumbnail size-thumbnail wp-image-5693\" alt=\"\" srcset=\"https:\/\/villaraggi.it\/wp-content\/uploads\/2024\/02\/vista-posteriore-di-un-club-di-golf-d-oscillazione-del-giocatore-di-golf-maschio-320x320.jpg 320w, https:\/\/villaraggi.it\/wp-content\/uploads\/2024\/02\/vista-posteriore-di-un-club-di-golf-d-oscillazione-del-giocatore-di-golf-maschio-300x300.jpg 300w, https:\/\/villaraggi.it\/wp-content\/uploads\/2024\/02\/vista-posteriore-di-un-club-di-golf-d-oscillazione-del-giocatore-di-golf-maschio-100x100.jpg 100w\" sizes=\"(max-width: 320px) 100vw, 320px\" \/>\t\t\t<\/a>\n\t\t\t\t\t<\/div>\n\t\t\n\t\t\t\t\t\t<div class=\"thim-ekits-post__content\">\n\t\t\t\t<h4 class=\"thim-ekits-post__title\">\n\t\t<a href=\"https:\/\/villaraggi.it\/fr\/giornata-di-golf-al-golf-club-villa-carolina\/\" >\n\t\t\tJourn\u00e9e de golf au Villa Carolina Golf Club\t\t<\/a>\n\t\t<\/h4>\n\t\t\t\t<a class=\"thim-ekits-post__read-more\"\n\t\t   href=\"https:\/\/villaraggi.it\/fr\/giornata-di-golf-al-golf-club-villa-carolina\/\" >\n\t\t\tLire la suite \"\t\t\t\t\t<\/a>\n\t\t\t\t<\/div>\n\t\t\t\t\t\t\t<\/div>\n\t\t\t\t<div class=\"thim-ekits-post__article post-5659 post type-post status-publish format-standard has-post-thumbnail hentry category-esperienze\">\n\t\t\t\t\t\t\t\t\t<div class=\"thim-ekits-post__thumbnail\">\n\t\t\t<a class=\"post-thumbnail\"\n\t\t\t   href=\"https:\/\/villaraggi.it\/fr\/viaggio-gastronomico-nel-piemonte-gusta-il-cuore-della-tradizione\/\" >\n\t\t\t\t<img decoding=\"async\" width=\"320\" height=\"320\" src=\"https:\/\/villaraggi.it\/wp-content\/uploads\/2024\/02\/deliziosi-spuntini-sulla-tavola-di-legno-320x320.jpg\" class=\"attachment-thumbnail size-thumbnail wp-image-5678\" alt=\"\" srcset=\"https:\/\/villaraggi.it\/wp-content\/uploads\/2024\/02\/deliziosi-spuntini-sulla-tavola-di-legno-320x320.jpg 320w, https:\/\/villaraggi.it\/wp-content\/uploads\/2024\/02\/deliziosi-spuntini-sulla-tavola-di-legno-300x300.jpg 300w, https:\/\/villaraggi.it\/wp-content\/uploads\/2024\/02\/deliziosi-spuntini-sulla-tavola-di-legno-100x100.jpg 100w\" sizes=\"(max-width: 320px) 100vw, 320px\" \/>\t\t\t<\/a>\n\t\t\t\t\t<\/div>\n\t\t\n\t\t\t\t\t\t<div class=\"thim-ekits-post__content\">\n\t\t\t\t<h4 class=\"thim-ekits-post__title\">\n\t\t<a href=\"https:\/\/villaraggi.it\/fr\/viaggio-gastronomico-nel-piemonte-gusta-il-cuore-della-tradizione\/\" >\n\t\t\tVoyage gastronomique dans le Pi\u00e9mont : go\u00fbtez au c\u0153ur de la tradition\t\t<\/a>\n\t\t<\/h4>\n\t\t\t\t<a class=\"thim-ekits-post__read-more\"\n\t\t   href=\"https:\/\/villaraggi.it\/fr\/viaggio-gastronomico-nel-piemonte-gusta-il-cuore-della-tradizione\/\" >\n\t\t\tLire la suite \"\t\t\t\t\t<\/a>\n\t\t\t\t<\/div>\n\t\t\t\t\t\t\t<\/div>\n\t\t\t\t<div class=\"thim-ekits-post__article post-5658 post type-post status-publish format-standard has-post-thumbnail hentry category-esperienze\">\n\t\t\t\t\t\t\t\t\t<div class=\"thim-ekits-post__thumbnail\">\n\t\t\t<a class=\"post-thumbnail\"\n\t\t\t   href=\"https:\/\/villaraggi.it\/fr\/caccia-al-tartufo-segreta-esplora-e-gusta-3\/\" >\n\t\t\t\t<img decoding=\"async\" width=\"320\" height=\"320\" src=\"https:\/\/villaraggi.it\/wp-content\/uploads\/2024\/02\/colpo-verticale-di-una-persona-che-tiene-un-bicchiere-di-vino-in-vigna-sotto-la-luce-del-sole-320x320.jpg\" class=\"attachment-thumbnail size-thumbnail wp-image-5670\" alt=\"\" srcset=\"https:\/\/villaraggi.it\/wp-content\/uploads\/2024\/02\/colpo-verticale-di-una-persona-che-tiene-un-bicchiere-di-vino-in-vigna-sotto-la-luce-del-sole-320x320.jpg 320w, https:\/\/villaraggi.it\/wp-content\/uploads\/2024\/02\/colpo-verticale-di-una-persona-che-tiene-un-bicchiere-di-vino-in-vigna-sotto-la-luce-del-sole-300x300.jpg 300w, https:\/\/villaraggi.it\/wp-content\/uploads\/2024\/02\/colpo-verticale-di-una-persona-che-tiene-un-bicchiere-di-vino-in-vigna-sotto-la-luce-del-sole-100x100.jpg 100w\" sizes=\"(max-width: 320px) 100vw, 320px\" \/>\t\t\t<\/a>\n\t\t\t\t\t<\/div>\n\t\t\n\t\t\t\t\t\t<div class=\"thim-ekits-post__content\">\n\t\t\t\t<h4 class=\"thim-ekits-post__title\">\n\t\t<a href=\"https:\/\/villaraggi.it\/fr\/caccia-al-tartufo-segreta-esplora-e-gusta-3\/\" >\n\t\t\tExp\u00e9rience viticole au c\u0153ur du Pi\u00e9mont : visites et d\u00e9gustations de vins\t\t<\/a>\n\t\t<\/h4>\n\t\t\t\t<a class=\"thim-ekits-post__read-more\"\n\t\t   href=\"https:\/\/villaraggi.it\/fr\/caccia-al-tartufo-segreta-esplora-e-gusta-3\/\" >\n\t\t\tLire la suite \"\t\t\t\t\t<\/a>\n\t\t\t\t<\/div>\n\t\t\t\t\t\t\t<\/div>\n\t\t\t\t<div class=\"thim-ekits-post__article post-5657 post type-post status-publish format-standard has-post-thumbnail hentry category-esperienze\">\n\t\t\t\t\t\t\t\t\t<div class=\"thim-ekits-post__thumbnail\">\n\t\t\t<a class=\"post-thumbnail\"\n\t\t\t   href=\"https:\/\/villaraggi.it\/fr\/picnic-tra-i-vigneti-del-piemonte-al-tramonto\/\" >\n\t\t\t\t<img loading=\"lazy\" decoding=\"async\" width=\"320\" height=\"320\" src=\"https:\/\/villaraggi.it\/wp-content\/uploads\/2024\/02\/cesto-con-lavanda-accanto-a-chicche-da-picnic-scaled-e1707910980280-320x320.jpg\" class=\"attachment-thumbnail size-thumbnail wp-image-5679\" alt=\"\" srcset=\"https:\/\/villaraggi.it\/wp-content\/uploads\/2024\/02\/cesto-con-lavanda-accanto-a-chicche-da-picnic-scaled-e1707910980280-320x320.jpg 320w, https:\/\/villaraggi.it\/wp-content\/uploads\/2024\/02\/cesto-con-lavanda-accanto-a-chicche-da-picnic-scaled-e1707910980280-300x300.jpg 300w, https:\/\/villaraggi.it\/wp-content\/uploads\/2024\/02\/cesto-con-lavanda-accanto-a-chicche-da-picnic-scaled-e1707910980280-100x100.jpg 100w\" sizes=\"(max-width: 320px) 100vw, 320px\" \/>\t\t\t<\/a>\n\t\t\t\t\t<\/div>\n\t\t\n\t\t\t\t\t\t<div class=\"thim-ekits-post__content\">\n\t\t\t\t<h4 class=\"thim-ekits-post__title\">\n\t\t<a href=\"https:\/\/villaraggi.it\/fr\/picnic-tra-i-vigneti-del-piemonte-al-tramonto\/\" >\n\t\t\tPique-nique dans les vignobles du Pi\u00e9mont au coucher du soleil\t\t<\/a>\n\t\t<\/h4>\n\t\t\t\t<a class=\"thim-ekits-post__read-more\"\n\t\t   href=\"https:\/\/villaraggi.it\/fr\/picnic-tra-i-vigneti-del-piemonte-al-tramonto\/\" >\n\t\t\tLire la suite \"\t\t\t\t\t<\/a>\n\t\t\t\t<\/div>\n\t\t\t\t\t\t\t<\/div>\n\t\t\t\t<div class=\"thim-ekits-post__article post-7437 post type-post status-publish format-standard has-post-thumbnail hentry category-esperienze\">\n\t\t\t\t\t\t\t\t\t<div class=\"thim-ekits-post__thumbnail\">\n\t\t\t<a class=\"post-thumbnail\"\n\t\t\t   href=\"https:\/\/villaraggi.it\/fr\/poolside-aperitivo\/\" >\n\t\t\t\t<img loading=\"lazy\" decoding=\"async\" width=\"320\" height=\"320\" src=\"https:\/\/villaraggi.it\/wp-content\/uploads\/2026\/02\/spritz-in-piscina-320x320.jpg\" class=\"attachment-thumbnail size-thumbnail wp-image-7436\" alt=\"\" \/>\t\t\t<\/a>\n\t\t\t\t\t<\/div>\n\t\t\n\t\t\t\t\t\t<div class=\"thim-ekits-post__content\">\n\t\t\t\t<h4 class=\"thim-ekits-post__title\">\n\t\t<a href=\"https:\/\/villaraggi.it\/fr\/poolside-aperitivo\/\" >\n\t\t\tAp\u00e9ritif au bord de la piscine\t\t<\/a>\n\t\t<\/h4>\n\t\t\t\t<a class=\"thim-ekits-post__read-more\"\n\t\t   href=\"https:\/\/villaraggi.it\/fr\/poolside-aperitivo\/\" >\n\t\t\tLire la suite \"\t\t\t\t\t<\/a>\n\t\t\t\t<\/div>\n\t\t\t\t\t\t\t<\/div>\n\t\t\t\t<div class=\"thim-ekits-post__article post-7449 post type-post status-publish format-standard has-post-thumbnail hentry category-esperienze\">\n\t\t\t\t\t\t\t\t\t<div class=\"thim-ekits-post__thumbnail\">\n\t\t\t<a class=\"post-thumbnail\"\n\t\t\t   href=\"https:\/\/villaraggi.it\/fr\/shopping-serralvalle-designer-outlet\/\" >\n\t\t\t\t<img loading=\"lazy\" decoding=\"async\" width=\"320\" height=\"320\" src=\"https:\/\/villaraggi.it\/wp-content\/uploads\/2026\/02\/Entrance-Serravalle-Designer-Outlet-320x320.webp\" class=\"attachment-thumbnail size-thumbnail wp-image-7450\" alt=\"\" \/>\t\t\t<\/a>\n\t\t\t\t\t<\/div>\n\t\t\n\t\t\t\t\t\t<div class=\"thim-ekits-post__content\">\n\t\t\t\t<h4 class=\"thim-ekits-post__title\">\n\t\t<a href=\"https:\/\/villaraggi.it\/fr\/shopping-serralvalle-designer-outlet\/\" >\n\t\t\tShopping au Serravalle Designer Outlet\t\t<\/a>\n\t\t<\/h4>\n\t\t\t\t<a class=\"thim-ekits-post__read-more\"\n\t\t   href=\"https:\/\/villaraggi.it\/fr\/shopping-serralvalle-designer-outlet\/\" >\n\t\t\tLire la suite \"\t\t\t\t\t<\/a>\n\t\t\t\t<\/div>\n\t\t\t\t\t\t\t<\/div>\n\t\t\t\t<div class=\"thim-ekits-post__article post-2588 post type-post status-publish format-standard has-post-thumbnail hentry category-esperienze\">\n\t\t\t\t\t\t\t\t\t<div class=\"thim-ekits-post__thumbnail\">\n\t\t\t<a class=\"post-thumbnail\"\n\t\t\t   href=\"https:\/\/villaraggi.it\/fr\/caccia-al-tartufo-segreta-esplora-e-gusta\/\" >\n\t\t\t\t<img loading=\"lazy\" decoding=\"async\" width=\"320\" height=\"320\" src=\"https:\/\/villaraggi.it\/wp-content\/uploads\/2015\/10\/funghi-gourmet-di-tartufo-nero-costoso-in-cesto-di-vimini-320x320.jpg\" class=\"attachment-thumbnail size-thumbnail wp-image-5648\" alt=\"\" \/>\t\t\t<\/a>\n\t\t\t\t\t<\/div>\n\t\t\n\t\t\t\t\t\t<div class=\"thim-ekits-post__content\">\n\t\t\t\t<h4 class=\"thim-ekits-post__title\">\n\t\t<a href=\"https:\/\/villaraggi.it\/fr\/caccia-al-tartufo-segreta-esplora-e-gusta\/\" >\n\t\t\tChasse aux truffes secr\u00e8tes : explorer et go\u00fbter\t\t<\/a>\n\t\t<\/h4>\n\t\t\t\t<a class=\"thim-ekits-post__read-more\"\n\t\t   href=\"https:\/\/villaraggi.it\/fr\/caccia-al-tartufo-segreta-esplora-e-gusta\/\" >\n\t\t\tLire la suite \"\t\t\t\t\t<\/a>\n\t\t\t\t<\/div>\n\t\t\t\t\t\t\t<\/div>\n\t\t\t\t<div class=\"thim-ekits-post__article post-5703 post type-post status-publish format-standard has-post-thumbnail hentry category-esperienze\">\n\t\t\t\t\t\t\t\t\t<div class=\"thim-ekits-post__thumbnail\">\n\t\t\t<a class=\"post-thumbnail\"\n\t\t\t   href=\"https:\/\/villaraggi.it\/fr\/trekking-nelle-colline-del-monferrato\/\" >\n\t\t\t\t<img loading=\"lazy\" decoding=\"async\" width=\"320\" height=\"320\" src=\"https:\/\/villaraggi.it\/wp-content\/uploads\/2024\/02\/viaggiatori-di-giovani-amici-che-si-siedono-sulla-roccia-nel-canyon-godendo-della-vista-320x320.jpg\" class=\"attachment-thumbnail size-thumbnail wp-image-5754\" alt=\"\" srcset=\"https:\/\/villaraggi.it\/wp-content\/uploads\/2024\/02\/viaggiatori-di-giovani-amici-che-si-siedono-sulla-roccia-nel-canyon-godendo-della-vista-320x320.jpg 320w, https:\/\/villaraggi.it\/wp-content\/uploads\/2024\/02\/viaggiatori-di-giovani-amici-che-si-siedono-sulla-roccia-nel-canyon-godendo-della-vista-300x300.jpg 300w, https:\/\/villaraggi.it\/wp-content\/uploads\/2024\/02\/viaggiatori-di-giovani-amici-che-si-siedono-sulla-roccia-nel-canyon-godendo-della-vista-100x100.jpg 100w\" sizes=\"(max-width: 320px) 100vw, 320px\" \/>\t\t\t<\/a>\n\t\t\t\t\t<\/div>\n\t\t\n\t\t\t\t\t\t<div class=\"thim-ekits-post__content\">\n\t\t\t\t<h4 class=\"thim-ekits-post__title\">\n\t\t<a href=\"https:\/\/villaraggi.it\/fr\/trekking-nelle-colline-del-monferrato\/\" >\n\t\t\tTrekking dans les collines du Monferrato\t\t<\/a>\n\t\t<\/h4>\n\t\t\t\t<a class=\"thim-ekits-post__read-more\"\n\t\t   href=\"https:\/\/villaraggi.it\/fr\/trekking-nelle-colline-del-monferrato\/\" >\n\t\t\tLire la suite \"\t\t\t\t\t<\/a>\n\t\t\t\t<\/div>\n\t\t\t\t\t\t\t<\/div>\n\t\t\t\t<div class=\"thim-ekits-post__article post-5701 post type-post status-publish format-standard has-post-thumbnail hentry category-esperienze\">\n\t\t\t\t\t\t\t\t\t<div class=\"thim-ekits-post__thumbnail\">\n\t\t\t<a class=\"post-thumbnail\"\n\t\t\t   href=\"https:\/\/villaraggi.it\/fr\/esplora-il-monferrato-in-e-bike\/\" >\n\t\t\t\t<img loading=\"lazy\" decoding=\"async\" width=\"320\" height=\"320\" src=\"https:\/\/villaraggi.it\/wp-content\/uploads\/2024\/02\/giovane-in-sella-a-una-mountain-bike-in-discesa-in-stile-320x320.jpg\" class=\"attachment-thumbnail size-thumbnail wp-image-5749\" alt=\"\" srcset=\"https:\/\/villaraggi.it\/wp-content\/uploads\/2024\/02\/giovane-in-sella-a-una-mountain-bike-in-discesa-in-stile-320x320.jpg 320w, https:\/\/villaraggi.it\/wp-content\/uploads\/2024\/02\/giovane-in-sella-a-una-mountain-bike-in-discesa-in-stile-300x300.jpg 300w, https:\/\/villaraggi.it\/wp-content\/uploads\/2024\/02\/giovane-in-sella-a-una-mountain-bike-in-discesa-in-stile-100x100.jpg 100w\" sizes=\"(max-width: 320px) 100vw, 320px\" \/>\t\t\t<\/a>\n\t\t\t\t\t<\/div>\n\t\t\n\t\t\t\t\t\t<div class=\"thim-ekits-post__content\">\n\t\t\t\t<h4 class=\"thim-ekits-post__title\">\n\t\t<a href=\"https:\/\/villaraggi.it\/fr\/esplora-il-monferrato-in-e-bike\/\" >\n\t\t\tExplorer le Montferrat en v\u00e9lo \u00e9lectrique\t\t<\/a>\n\t\t<\/h4>\n\t\t\t\t<a class=\"thim-ekits-post__read-more\"\n\t\t   href=\"https:\/\/villaraggi.it\/fr\/esplora-il-monferrato-in-e-bike\/\" >\n\t\t\tLire la suite \"\t\t\t\t\t<\/a>\n\t\t\t\t<\/div>\n\t\t\t\t\t\t\t<\/div>\n\t\t\t\t\t\t<\/div>\n\t\t\t<\/div>\n\n\t\t\t\t\t\t\t<\/div>\n\t\t\t\t<\/div>\n\t\t\t\t\t<\/div>\n\t\t\t\t<\/div>\n\t\t\t\t<\/div>","protected":false},"excerpt":{"rendered":"<p>D\u00e9couvrez les collines du Monferrato de mani\u00e8re active et durable gr\u00e2ce \u00e0 notre service de location de v\u00e9los \u00e9lectriques dans le Pi\u00e9mont.<br \/>\nLa location comprend la prise en charge et la restitution directement dans nos locaux, ce qui vous permet de partir confortablement de votre logement sans aucun souci.<br \/>\nLes v\u00e9los \u00e9lectriques vous permettent d'attaquer des mont\u00e9es douces et des routes pittoresques en toute s\u00e9curit\u00e9. <\/p>","protected":false},"author":1,"featured_media":0,"parent":0,"menu_order":4,"comment_status":"closed","ping_status":"closed","template":"","meta":{"footnotes":""},"class_list":["post-4631","page","type-page","status-publish","hentry"],"yoast_head":"<!-- This site is optimized with the Yoast SEO plugin v27.4 - https:\/\/yoast.com\/product\/yoast-seo-wordpress\/ -->\n<title>Esperienze - Villa Raggi<\/title>\n<meta name=\"description\" content=\"Una ricca offerta di magnifiche esperienze nei dintorni di Villa Raggi.\" \/>\n<meta name=\"robots\" content=\"index, follow, max-snippet:-1, max-image-preview:large, max-video-preview:-1\" \/>\n<link rel=\"canonical\" href=\"https:\/\/villaraggi.it\/fr\/experiences\/\" \/>\n<meta property=\"og:locale\" content=\"fr_FR\" \/>\n<meta property=\"og:type\" content=\"article\" \/>\n<meta property=\"og:title\" content=\"Esperienze - Villa Raggi\" \/>\n<meta property=\"og:description\" content=\"Una ricca offerta di magnifiche esperienze nei dintorni di Villa Raggi.\" \/>\n<meta property=\"og:url\" content=\"https:\/\/villaraggi.it\/fr\/experiences\/\" \/>\n<meta property=\"og:site_name\" content=\"Villa Raggi\" \/>\n<meta property=\"article:modified_time\" content=\"2024-04-09T09:11:51+00:00\" \/>\n<meta property=\"og:image\" content=\"https:\/\/villaraggi.it\/wp-content\/uploads\/2024\/02\/vista-posteriore-di-un-club-di-golf-d-oscillazione-del-giocatore-di-golf-maschio-320x320.jpg\" \/>\n<meta name=\"twitter:card\" content=\"summary_large_image\" \/>\n<meta name=\"twitter:label1\" content=\"Dur\u00e9e de lecture estim\u00e9e\" \/>\n\t<meta name=\"twitter:data1\" content=\"3 minutes\" \/>\n<script type=\"application\/ld+json\" class=\"yoast-schema-graph\">{\"@context\":\"https:\\\/\\\/schema.org\",\"@graph\":[{\"@type\":\"WebPage\",\"@id\":\"https:\\\/\\\/villaraggi.it\\\/esperienze\\\/\",\"url\":\"https:\\\/\\\/villaraggi.it\\\/esperienze\\\/\",\"name\":\"Esperienze - Villa Raggi\",\"isPartOf\":{\"@id\":\"https:\\\/\\\/villaraggi.it\\\/#website\"},\"primaryImageOfPage\":{\"@id\":\"https:\\\/\\\/villaraggi.it\\\/esperienze\\\/#primaryimage\"},\"image\":{\"@id\":\"https:\\\/\\\/villaraggi.it\\\/esperienze\\\/#primaryimage\"},\"thumbnailUrl\":\"https:\\\/\\\/villaraggi.it\\\/wp-content\\\/uploads\\\/2024\\\/02\\\/vista-posteriore-di-un-club-di-golf-d-oscillazione-del-giocatore-di-golf-maschio-320x320.jpg\",\"datePublished\":\"2024-01-30T20:40:18+00:00\",\"dateModified\":\"2024-04-09T09:11:51+00:00\",\"description\":\"Una ricca offerta di magnifiche esperienze nei dintorni di Villa Raggi.\",\"breadcrumb\":{\"@id\":\"https:\\\/\\\/villaraggi.it\\\/esperienze\\\/#breadcrumb\"},\"inLanguage\":\"fr-FR\",\"potentialAction\":[{\"@type\":\"ReadAction\",\"target\":[\"https:\\\/\\\/villaraggi.it\\\/esperienze\\\/\"]}]},{\"@type\":\"ImageObject\",\"inLanguage\":\"fr-FR\",\"@id\":\"https:\\\/\\\/villaraggi.it\\\/esperienze\\\/#primaryimage\",\"url\":\"https:\\\/\\\/villaraggi.it\\\/wp-content\\\/uploads\\\/2024\\\/02\\\/vista-posteriore-di-un-club-di-golf-d-oscillazione-del-giocatore-di-golf-maschio-320x320.jpg\",\"contentUrl\":\"https:\\\/\\\/villaraggi.it\\\/wp-content\\\/uploads\\\/2024\\\/02\\\/vista-posteriore-di-un-club-di-golf-d-oscillazione-del-giocatore-di-golf-maschio-320x320.jpg\"},{\"@type\":\"BreadcrumbList\",\"@id\":\"https:\\\/\\\/villaraggi.it\\\/esperienze\\\/#breadcrumb\",\"itemListElement\":[{\"@type\":\"ListItem\",\"position\":1,\"name\":\"Home\",\"item\":\"https:\\\/\\\/villaraggi.it\\\/\"},{\"@type\":\"ListItem\",\"position\":2,\"name\":\"Esperienze\"}]},{\"@type\":\"WebSite\",\"@id\":\"https:\\\/\\\/villaraggi.it\\\/#website\",\"url\":\"https:\\\/\\\/villaraggi.it\\\/\",\"name\":\"Villa Raggi\",\"description\":\"Villa storica del 1700 nell\u2019alto Monferrato, Castelletto d\u2019Orba, Alessandria\",\"publisher\":{\"@id\":\"https:\\\/\\\/villaraggi.it\\\/#organization\"},\"potentialAction\":[{\"@type\":\"SearchAction\",\"target\":{\"@type\":\"EntryPoint\",\"urlTemplate\":\"https:\\\/\\\/villaraggi.it\\\/?s={search_term_string}\"},\"query-input\":{\"@type\":\"PropertyValueSpecification\",\"valueRequired\":true,\"valueName\":\"search_term_string\"}}],\"inLanguage\":\"fr-FR\"},{\"@type\":\"Organization\",\"@id\":\"https:\\\/\\\/villaraggi.it\\\/#organization\",\"name\":\"Villa Raggi\",\"url\":\"https:\\\/\\\/villaraggi.it\\\/\",\"logo\":{\"@type\":\"ImageObject\",\"inLanguage\":\"fr-FR\",\"@id\":\"https:\\\/\\\/villaraggi.it\\\/#\\\/schema\\\/logo\\\/image\\\/\",\"url\":\"https:\\\/\\\/villaraggi.it\\\/wp-content\\\/uploads\\\/2024\\\/02\\\/logo-villaraggi.png\",\"contentUrl\":\"https:\\\/\\\/villaraggi.it\\\/wp-content\\\/uploads\\\/2024\\\/02\\\/logo-villaraggi.png\",\"width\":640,\"height\":307,\"caption\":\"Villa Raggi\"},\"image\":{\"@id\":\"https:\\\/\\\/villaraggi.it\\\/#\\\/schema\\\/logo\\\/image\\\/\"}}]}<\/script>\n<!-- \/ Yoast SEO plugin. -->","yoast_head_json":{"title":"Exp\u00e9riences - Villa Raggi","description":"Une multitude d'exp\u00e9riences magnifiques autour de la Villa Raggi.","robots":{"index":"index","follow":"follow","max-snippet":"max-snippet:-1","max-image-preview":"max-image-preview:large","max-video-preview":"max-video-preview:-1"},"canonical":"https:\/\/villaraggi.it\/fr\/experiences\/","og_locale":"fr_FR","og_type":"article","og_title":"Esperienze - Villa Raggi","og_description":"Una ricca offerta di magnifiche esperienze nei dintorni di Villa Raggi.","og_url":"https:\/\/villaraggi.it\/fr\/experiences\/","og_site_name":"Villa Raggi","article_modified_time":"2024-04-09T09:11:51+00:00","og_image":[{"url":"https:\/\/villaraggi.it\/wp-content\/uploads\/2024\/02\/vista-posteriore-di-un-club-di-golf-d-oscillazione-del-giocatore-di-golf-maschio-320x320.jpg","type":"","width":"","height":""}],"twitter_card":"summary_large_image","twitter_misc":{"Dur\u00e9e de lecture estim\u00e9e":"3 minutes"},"schema":{"@context":"https:\/\/schema.org","@graph":[{"@type":"WebPage","@id":"https:\/\/villaraggi.it\/esperienze\/","url":"https:\/\/villaraggi.it\/esperienze\/","name":"Exp\u00e9riences - Villa Raggi","isPartOf":{"@id":"https:\/\/villaraggi.it\/#website"},"primaryImageOfPage":{"@id":"https:\/\/villaraggi.it\/esperienze\/#primaryimage"},"image":{"@id":"https:\/\/villaraggi.it\/esperienze\/#primaryimage"},"thumbnailUrl":"https:\/\/villaraggi.it\/wp-content\/uploads\/2024\/02\/vista-posteriore-di-un-club-di-golf-d-oscillazione-del-giocatore-di-golf-maschio-320x320.jpg","datePublished":"2024-01-30T20:40:18+00:00","dateModified":"2024-04-09T09:11:51+00:00","description":"Une multitude d'exp\u00e9riences magnifiques autour de la Villa Raggi.","breadcrumb":{"@id":"https:\/\/villaraggi.it\/esperienze\/#breadcrumb"},"inLanguage":"fr-FR","potentialAction":[{"@type":"ReadAction","target":["https:\/\/villaraggi.it\/esperienze\/"]}]},{"@type":"ImageObject","inLanguage":"fr-FR","@id":"https:\/\/villaraggi.it\/esperienze\/#primaryimage","url":"https:\/\/villaraggi.it\/wp-content\/uploads\/2024\/02\/vista-posteriore-di-un-club-di-golf-d-oscillazione-del-giocatore-di-golf-maschio-320x320.jpg","contentUrl":"https:\/\/villaraggi.it\/wp-content\/uploads\/2024\/02\/vista-posteriore-di-un-club-di-golf-d-oscillazione-del-giocatore-di-golf-maschio-320x320.jpg"},{"@type":"BreadcrumbList","@id":"https:\/\/villaraggi.it\/esperienze\/#breadcrumb","itemListElement":[{"@type":"ListItem","position":1,"name":"Home","item":"https:\/\/villaraggi.it\/"},{"@type":"ListItem","position":2,"name":"Esperienze"}]},{"@type":"WebSite","@id":"https:\/\/villaraggi.it\/#website","url":"https:\/\/villaraggi.it\/","name":"Villa Raggi","description":"Villa historique des ann\u00e9es 1700 dans le haut Monferrato, Castelletto d'Orba, Alessandria","publisher":{"@id":"https:\/\/villaraggi.it\/#organization"},"potentialAction":[{"@type":"SearchAction","target":{"@type":"EntryPoint","urlTemplate":"https:\/\/villaraggi.it\/?s={search_term_string}"},"query-input":{"@type":"PropertyValueSpecification","valueRequired":true,"valueName":"search_term_string"}}],"inLanguage":"fr-FR"},{"@type":"Organization","@id":"https:\/\/villaraggi.it\/#organization","name":"Villa Raggi","url":"https:\/\/villaraggi.it\/","logo":{"@type":"ImageObject","inLanguage":"fr-FR","@id":"https:\/\/villaraggi.it\/#\/schema\/logo\/image\/","url":"https:\/\/villaraggi.it\/wp-content\/uploads\/2024\/02\/logo-villaraggi.png","contentUrl":"https:\/\/villaraggi.it\/wp-content\/uploads\/2024\/02\/logo-villaraggi.png","width":640,"height":307,"caption":"Villa Raggi"},"image":{"@id":"https:\/\/villaraggi.it\/#\/schema\/logo\/image\/"}}]}},"_links":{"self":[{"href":"https:\/\/villaraggi.it\/fr\/wp-json\/wp\/v2\/pages\/4631","targetHints":{"allow":["GET"]}}],"collection":[{"href":"https:\/\/villaraggi.it\/fr\/wp-json\/wp\/v2\/pages"}],"about":[{"href":"https:\/\/villaraggi.it\/fr\/wp-json\/wp\/v2\/types\/page"}],"author":[{"embeddable":true,"href":"https:\/\/villaraggi.it\/fr\/wp-json\/wp\/v2\/users\/1"}],"replies":[{"embeddable":true,"href":"https:\/\/villaraggi.it\/fr\/wp-json\/wp\/v2\/comments?post=4631"}],"version-history":[{"count":5,"href":"https:\/\/villaraggi.it\/fr\/wp-json\/wp\/v2\/pages\/4631\/revisions"}],"predecessor-version":[{"id":7119,"href":"https:\/\/villaraggi.it\/fr\/wp-json\/wp\/v2\/pages\/4631\/revisions\/7119"}],"wp:attachment":[{"href":"https:\/\/villaraggi.it\/fr\/wp-json\/wp\/v2\/media?parent=4631"}],"curies":[{"name":"wp","href":"https:\/\/api.w.org\/{rel}","templated":true}]}}